{"id":6,"date":"2021-08-14T00:06:12","date_gmt":"2021-08-14T00:06:12","guid":{"rendered":"https:\/\/noskills.de\/?page_id=6"},"modified":"2024-10-04T11:00:40","modified_gmt":"2024-10-04T10:00:40","slug":"ueber-uns","status":"publish","type":"page","link":"https:\/\/www.noskills.de\/?page_id=6","title":{"rendered":"justAboutUs"},"content":{"rendered":"\n<p class=\"has-medium-font-size\"><strong>Noskills &#8211; justStyle!\u00a0<\/strong><\/p>\n\n\n\n<p>Vier snow- und wakeboardbegeisterte Freunde bildeten 2003 die Keimzelle f\u00fcr diese stetig wachsende Bewegung. Damals wie heute steht dieses Motto f\u00fcr <strong>die Freiheit und das Gef\u00fchl, das zu tun, was du m\u00f6chtest und wie du es m\u00f6chtest<\/strong>.<\/p>\n\n\n\n<p>Mal ehrlich &#8211; du hast einzigartige F\u00e4higkeiten, die dich einmalig machen und auf die du stolz sein kannst ohne \u00fcbertriebenen Erwartungen oder \u00e4u\u00dferen Anspr\u00fcchen gerecht werden zu m\u00fcssen. <strong>Du wei\u00dft was Du kannst und musst niemanden etwas beweisen<\/strong>. Genau daf\u00fcr steht noskills &#8211; <strong>Freude am puren Understatement<\/strong>. Dieses Lebensgef\u00fchl kommt in jedem unserer liebevoll gestalteten Kleidungsst\u00fccke zum Ausdruck. <br><strong>Mach deinen Style zum Statement <\/strong>und sei herzlich willkommen in der noskills Familie!\u00a0<\/p>\n\n\n\n<p class=\"has-medium-font-size\"><strong>Welcome to the noSkills family!<\/strong><\/p>\n\n\n\n<p>Was bedeutet noskills f\u00fcr dich?<\/p>\n\n\n\n<p>Schreibs in die Kommentare \u2665\ufe0f<\/p>\n\n\n\n<p>Noch mehr Info gef\u00e4llig:<\/p>\n\n\n\n<p>Diversity@noskills: &nbsp;Wir stehen f\u00fcr Liebe und Respekt sich selbst und anderen gegen\u00fcber, unabh\u00e4ngig von Herkunft oder jedweder Ausrichtung &nbsp;oder Neigung. Respect und live and let live &#8211; hey -that\u2019s what noskills is all about!&nbsp;<\/p>\n\n\n\n<p>Schreib an\u00a0<a href=\"mailto:diversity@noskills.de\">diversity@noskills.de<\/a><\/p>\n\n\n\n<p>Sustainability@noskills: Nachhaltigkeit &#8211; na klar! Wir produzieren on-demand in Deutschland \u00fcber @spreadshirt, in kleinen St\u00fcckzahlen in heimischer Handarbeit und in kleinen Betrieben in Europa. Gutes Aussehen und Gutes tun gehen mit unseren Styles Hand in Hand!<\/p>\n\n\n\n<p>Schreib an\u00a0<a href=\"mailto:sustainability@noskills.de\">sustainability@noskills.de<\/a><\/p>\n\n\n\n<p><\/p>\n\n\n\n<p><\/p>\n\n\n\n<p><\/p>\n","protected":false},"excerpt":{"rendered":"<p>Noskills &#8211; justStyle!\u00a0 Vier snow- und wakeboardbegeisterte Freunde bildeten 2003 die Keimzelle f\u00fcr diese stetig wachsende Bewegung. Damals wie heute steht dieses Motto f\u00fcr die Freiheit und das Gef\u00fchl, das zu tun, was du m\u00f6chtest und wie du es m\u00f6chtest. Mal ehrlich &#8211; du hast einzigartige F\u00e4higkeiten, die dich einmalig machen und auf die du &hellip; <\/p>\n<p class=\"link-more\"><a href=\"https:\/\/www.noskills.de\/?page_id=6\" class=\"more-link\"><span class=\"screen-reader-text\">\u201ejustAboutUs\u201c<\/span> weiterlesen<\/a><\/p>\n","protected":false},"author":1,"featured_media":0,"parent":0,"menu_order":0,"comment_status":"closed","ping_status":"closed","template":"","meta":{"footnotes":""},"class_list":["post-6","page","type-page","status-publish","hentry"],"_links":{"self":[{"href":"https:\/\/www.noskills.de\/index.php?rest_route=\/wp\/v2\/pages\/6","targetHints":{"allow":["GET"]}}],"collection":[{"href":"https:\/\/www.noskills.de\/index.php?rest_route=\/wp\/v2\/pages"}],"about":[{"href":"https:\/\/www.noskills.de\/index.php?rest_route=\/wp\/v2\/types\/page"}],"author":[{"embeddable":true,"href":"https:\/\/www.noskills.de\/index.php?rest_route=\/wp\/v2\/users\/1"}],"replies":[{"embeddable":true,"href":"https:\/\/www.noskills.de\/index.php?rest_route=%2Fwp%2Fv2%2Fcomments&post=6"}],"version-history":[{"count":10,"href":"https:\/\/www.noskills.de\/index.php?rest_route=\/wp\/v2\/pages\/6\/revisions"}],"predecessor-version":[{"id":425,"href":"https:\/\/www.noskills.de\/index.php?rest_route=\/wp\/v2\/pages\/6\/revisions\/425"}],"wp:attachment":[{"href":"https:\/\/www.noskills.de\/index.php?rest_route=%2Fwp%2Fv2%2Fmedia&parent=6"}],"curies":[{"name":"wp","href":"https:\/\/api.w.org\/{rel}","templated":true}]}}