{"id":196,"date":"2022-01-04T23:55:29","date_gmt":"2022-01-04T22:55:29","guid":{"rendered":"https:\/\/www.noskills.de\/?page_id=196"},"modified":"2022-01-05T23:36:21","modified_gmt":"2022-01-05T22:36:21","slug":"impressum","status":"publish","type":"page","link":"https:\/\/www.noskills.de\/?page_id=196","title":{"rendered":"Impressum"},"content":{"rendered":"\n<p><strong>Angaben gem\u00e4\u00df \u00a7 5 TMG&nbsp;<\/strong><\/p>\n\n\n\n<p>Steffen Berger<br>Einzelunternehmer<br>Drosselweg 2<br>91085 Weisendorf<\/p>\n\n\n\n<p><strong>Kontakt&nbsp;<\/strong><\/p>\n\n\n\n<p>Telefon: +49 (0) 9135 722203<br>E-Mail: <a href=\"mailto:info@noskills.de\">info@noskills.de<\/a><\/p>\n\n\n\n<p><strong>Umsatzsteuer-ID&nbsp;<\/strong><\/p>\n\n\n\n<p>Umsatzsteuer-Identifikationsnummer gem\u00e4\u00df \u00a7 27 a Umsatzsteuergesetz: Kleinunternehmer<\/p>\n\n\n\n<p>Aufgrund des Kleinunternehmerstatus gem. \u00a719 UStG erheben wir keine Umsatzsteuer und weisen diese daher auch nicht aus. <\/p>\n\n\n\n<p><strong>Berufsbezeichnung und berufsrechtliche Regelungen&nbsp;<\/strong><\/p>\n\n\n\n<p>Berufsbezeichnung: anderer Beruf&nbsp;<\/p>\n\n\n\n<p>Zust\u00e4ndige Kammer:&nbsp;Industrie- und Handelskammer N\u00fcrnberg f\u00fcr Mittelfranken<\/p>\n\n\n\n<p>Verliehen in:&nbsp;<\/p>\n\n\n\n<p>Es gelten folgende berufsrechtliche Regelungen:&nbsp;<\/p>\n\n\n\n<p><strong>EU-Streitschlichtung&nbsp;<\/strong><\/p>\n\n\n\n<p>Die Europ\u00e4ische Kommission stellt eine Plattform zur Online-Streitbeilegung (OS) bereit: <a href=\"https:\/\/ec.europa.eu\/consumers\/odr\/\">https:\/\/ec.europa.eu\/consumers\/odr\/<\/a><\/p>\n\n\n\n<p>2\/ 4&nbsp;<\/p>\n\n\n\n<p>Unsere E-Mail-Adresse finden Sie oben im Impressum.&nbsp;<\/p>\n\n\n\n<p><strong>Verbraucherstreitbeilegung\/Universalschlichtungsstelle&nbsp;<\/strong><\/p>\n\n\n\n<p>Wir sind nicht bereit oder verpflichtet, an Streitbeilegungsverfahren vor einer Verbraucherschlichtungsstelle teilzunehmen.\u00a0<\/p>\n\n\n\n<p>Kooperationsanfragen und allgemeine Anfragen schicken Sie gerne per Mail an: <a href=\"mailto:info@noskills.de\">info@noskills.de<\/a><br><\/p>\n\n\n\n<p>Quelle:&nbsp;<\/p>\n\n\n\n<p>eRecht24&nbsp;<\/p>\n","protected":false},"excerpt":{"rendered":"<p>Angaben gem\u00e4\u00df \u00a7 5 TMG&nbsp; Steffen BergerEinzelunternehmerDrosselweg 291085 Weisendorf Kontakt&nbsp; Telefon: +49 (0) 9135 722203E-Mail: info@noskills.de Umsatzsteuer-ID&nbsp; Umsatzsteuer-Identifikationsnummer gem\u00e4\u00df \u00a7 27 a Umsatzsteuergesetz: Kleinunternehmer Aufgrund des Kleinunternehmerstatus gem. \u00a719 UStG erheben wir keine Umsatzsteuer und weisen diese daher auch nicht aus. Berufsbezeichnung und berufsrechtliche Regelungen&nbsp; Berufsbezeichnung: anderer Beruf&nbsp; Zust\u00e4ndige Kammer:&nbsp;Industrie- und Handelskammer N\u00fcrnberg f\u00fcr Mittelfranken &hellip; <\/p>\n<p class=\"link-more\"><a href=\"https:\/\/www.noskills.de\/?page_id=196\" class=\"more-link\"><span class=\"screen-reader-text\">\u201eImpressum\u201c<\/span> weiterlesen<\/a><\/p>\n","protected":false},"author":1,"featured_media":0,"parent":0,"menu_order":0,"comment_status":"closed","ping_status":"closed","template":"","meta":{"footnotes":""},"class_list":["post-196","page","type-page","status-publish","hentry"],"_links":{"self":[{"href":"https:\/\/www.noskills.de\/index.php?rest_route=\/wp\/v2\/pages\/196","targetHints":{"allow":["GET"]}}],"collection":[{"href":"https:\/\/www.noskills.de\/index.php?rest_route=\/wp\/v2\/pages"}],"about":[{"href":"https:\/\/www.noskills.de\/index.php?rest_route=\/wp\/v2\/types\/page"}],"author":[{"embeddable":true,"href":"https:\/\/www.noskills.de\/index.php?rest_route=\/wp\/v2\/users\/1"}],"replies":[{"embeddable":true,"href":"https:\/\/www.noskills.de\/index.php?rest_route=%2Fwp%2Fv2%2Fcomments&post=196"}],"version-history":[{"count":9,"href":"https:\/\/www.noskills.de\/index.php?rest_route=\/wp\/v2\/pages\/196\/revisions"}],"predecessor-version":[{"id":211,"href":"https:\/\/www.noskills.de\/index.php?rest_route=\/wp\/v2\/pages\/196\/revisions\/211"}],"wp:attachment":[{"href":"https:\/\/www.noskills.de\/index.php?rest_route=%2Fwp%2Fv2%2Fmedia&parent=196"}],"curies":[{"name":"wp","href":"https:\/\/api.w.org\/{rel}","templated":true}]}}